{"id":5086,"date":"2021-01-17T05:07:15","date_gmt":"2021-01-17T05:07:15","guid":{"rendered":"https:\/\/www.ozcelikpeugeot.com\/?page_id=7"},"modified":"2025-10-17T10:06:21","modified_gmt":"2025-10-17T07:06:21","slug":"cart","status":"publish","type":"page","link":"https:\/\/www.ozcelikpeugeot.com\/index.php\/cart\/","title":{"rendered":"Al\u0131\u015fveri\u015f Sepeti"},"content":{"rendered":"\n","protected":false},"excerpt":{"rendered":"","protected":false},"author":1,"featured_media":0,"parent":0,"menu_order":0,"comment_status":"closed","ping_status":"closed","template":"","meta":{"footnotes":""},"class_list":["post-5086","page","type-page","status-publish","hentry"],"_links":{"self":[{"href":"https:\/\/www.ozcelikpeugeot.com\/index.php\/wp-json\/wp\/v2\/pages\/5086","targetHints":{"allow":["GET"]}}],"collection":[{"href":"https:\/\/www.ozcelikpeugeot.com\/index.php\/wp-json\/wp\/v2\/pages"}],"about":[{"href":"https:\/\/www.ozcelikpeugeot.com\/index.php\/wp-json\/wp\/v2\/types\/page"}],"author":[{"embeddable":true,"href":"https:\/\/www.ozcelikpeugeot.com\/index.php\/wp-json\/wp\/v2\/users\/1"}],"replies":[{"embeddable":true,"href":"https:\/\/www.ozcelikpeugeot.com\/index.php\/wp-json\/wp\/v2\/comments?post=5086"}],"version-history":[{"count":2,"href":"https:\/\/www.ozcelikpeugeot.com\/index.php\/wp-json\/wp\/v2\/pages\/5086\/revisions"}],"predecessor-version":[{"id":5292,"href":"https:\/\/www.ozcelikpeugeot.com\/index.php\/wp-json\/wp\/v2\/pages\/5086\/revisions\/5292"}],"wp:attachment":[{"href":"https:\/\/www.ozcelikpeugeot.com\/index.php\/wp-json\/wp\/v2\/media?parent=5086"}],"curies":[{"name":"wp","href":"https:\/\/api.w.org\/{rel}","templated":true}]}}